{"id":1031,"date":"2023-05-25T16:05:31","date_gmt":"2018-09-18T15:49:59","guid":{"rendered":"https:\/\/uno.lc\/info-3\/"},"modified":"2026-04-13T16:46:59","modified_gmt":"2026-04-13T16:46:59","slug":"cameras","status":"publish","type":"page","link":"https:\/\/uno.lc\/es\/cameras\/","title":{"rendered":"Cameras"},"content":{"rendered":"","protected":false},"excerpt":{"rendered":"","protected":false},"author":1,"featured_media":0,"parent":0,"menu_order":0,"comment_status":"closed","ping_status":"closed","template":"","meta":[],"yoast_head":"<!-- This site is optimized with the Yoast SEO plugin v14.0.4 - https:\/\/yoast.com\/wordpress\/plugins\/seo\/ -->\n<meta name=\"robots\" content=\"index, follow\" \/>\n<meta name=\"googlebot\" content=\"index, follow, max-snippet:-1, max-image-preview:large, max-video-preview:-1\" \/>\n<meta name=\"bingbot\" content=\"index, follow, max-snippet:-1, max-image-preview:large, max-video-preview:-1\" \/>\n<link rel=\"canonical\" href=\"https:\/\/uno.lc\/cameras\/\" \/>\n<meta property=\"og:locale\" content=\"es_ES\" \/>\n<meta property=\"og:type\" content=\"article\" \/>\n<meta property=\"og:title\" content=\"Cameras - \u00d3scar Roca \u2014 Filmmaker, DOP, Camera Owner\/Operator.\" \/>\n<meta property=\"og:url\" content=\"https:\/\/uno.lc\/cameras\/\" \/>\n<meta property=\"og:site_name\" content=\"\u00d3scar Roca \u2014 Filmmaker, DOP, Camera Owner\/Operator.\" \/>\n<meta property=\"article:modified_time\" content=\"2026-04-13T16:46:59+00:00\" \/>\n<meta name=\"twitter:card\" content=\"summary_large_image\" \/>\n<script type=\"application\/ld+json\" class=\"yoast-schema-graph\">{\"@context\":\"https:\/\/schema.org\",\"@graph\":[{\"@type\":\"WebSite\",\"@id\":\"https:\/\/uno.lc\/es\/#website\",\"url\":\"https:\/\/uno.lc\/es\/\",\"name\":\"\\u00d3scar Roca \\u2014 Filmmaker, DOP, Camera Owner\/Operator.\",\"description\":\"\",\"potentialAction\":[{\"@type\":\"SearchAction\",\"target\":\"https:\/\/uno.lc\/es\/?s={search_term_string}\",\"query-input\":\"required name=search_term_string\"}],\"inLanguage\":\"es\"},{\"@type\":\"WebPage\",\"@id\":\"https:\/\/uno.lc\/cameras\/#webpage\",\"url\":\"https:\/\/uno.lc\/cameras\/\",\"name\":\"Cameras - \\u00d3scar Roca \\u2014 Filmmaker, DOP, Camera Owner\/Operator.\",\"isPartOf\":{\"@id\":\"https:\/\/uno.lc\/es\/#website\"},\"datePublished\":\"2018-09-18T15:49:59+00:00\",\"dateModified\":\"2026-04-13T16:46:59+00:00\",\"inLanguage\":\"es\",\"potentialAction\":[{\"@type\":\"ReadAction\",\"target\":[\"https:\/\/uno.lc\/cameras\/\"]}]}]}<\/script>\n<!-- \/ Yoast SEO plugin. -->","grid":"{\r\n  \"colCount\": 16,\r\n  \"colGutter\": 0.1,\r\n  \"rowGutters\": [],\r\n  \"frameMargin\": 2,\r\n  \"topFrameMargin\": 0,\r\n  \"bottomFrameMargin\": 6,\r\n  \"rowAttrs\": [\r\n    {}\r\n  ],\r\n  \"bgColor\": null,\r\n  \"cont\": [\r\n    {\r\n      \"type\": \"text\",\r\n      \"cont\": \"<p class=\\\"_Default\\\"><b>C\u00e1maras y Equipamiento<\/b><\/p><p class=\\\"_Default\\\">\u00a0<\/p><p><b>Camera Packages<\/b><\/p><p><span style=\\\"font-weight: 400;\\\">Sony FX3 Kit<\/span><\/p><p><span style=\\\"font-weight: 400;\\\">Blackmagic Pyxis 6k Kit<\/span><\/p><p><span style=\\\"font-weight: 400;\\\">Sony<\/span><\/p><p class=\\\"_Default\\\">\u00a0<\/p><p><strong>Lenses E-mount<\/strong><\/p><p><span style=\\\"font-weight: 400;\\\">Sony 16-35 GM II 2.8<\/span><\/p><p><span style=\\\"font-weight: 400;\\\">Sony 24-70 GM II 2.8<\/span><\/p><p><span style=\\\"font-weight: 400;\\\">Sony 70-200 GM II 2.8<\/span><\/p><p><span style=\\\"font-weight: 400;\\\">Sony 2x Teleconverter.<\/span><\/p><p class=\\\"_Default\\\">\u00a0<\/p><p><span style=\\\"font-weight: 400;\\\">Helios lens Set: 20, 28, 35 &amp; 58 mm.<\/span><\/p><p><span style=\\\"font-weight: 400;\\\">\u00a0<\/span><\/p><p><span style=\\\"font-weight: 400;\\\">Sigma MC-11 EF adapter<\/span><\/p><p><span style=\\\"font-weight: 400;\\\">Macro Tubes<\/span><\/p><p><span style=\\\"font-weight: 400;\\\">Filters Set: ND, Mist, Glimmer\u2026<\/span><\/p><p class=\\\"_Default\\\">\u00a0<\/p><p><b>Tripods, Rig &amp; Gimbal<\/b><\/p><p><span style=\\\"font-weight: 400;\\\">Tripod Manfrotto One CF<\/span><\/p><p><span style=\\\"font-weight: 400;\\\">Tripod Manfrotto MVH502 AH<\/span><\/p><p><span style=\\\"font-weight: 400;\\\">Gimbal Ronin RS3 PRO<\/span><\/p><p><span style=\\\"font-weight: 400;\\\">Smallrig Shoulder mount<\/span><\/p><p><span style=\\\"font-weight: 400;\\\">Camera Saddle<\/span><\/p><p><span style=\\\"font-weight: 400;\\\">Slider motorizado<\/span><\/p><p><span style=\\\"font-weight: 400;\\\">Manfrotto Magic arm<\/span><\/p><p><span style=\\\"font-weight: 400;\\\">\u00a0<\/span><\/p><p><strong>Monitoring<\/strong><\/p><p><span style=\\\"font-weight: 400;\\\">iPad air 11\u201d<\/span><\/p><p><span style=\\\"font-weight: 400;\\\">Feelworld 6\u201d LUT - 2600 nits<\/span><\/p><p><span style=\\\"font-weight: 400;\\\">\u00a0<\/span><\/p><p><strong>Lights<\/strong><\/p><p><span style=\\\"font-weight: 400;\\\">1x Zhiyun 600w bicolor<\/span><\/p><p><span style=\\\"font-weight: 400;\\\">1x Octabox 120cm<\/span><\/p><p><span style=\\\"font-weight: 400;\\\">1x Amaran 200W bicolor LED panel<\/span><\/p><p><span style=\\\"font-weight: 400;\\\">1x Aputure 60W\u00a0<\/span><\/p><p><span style=\\\"font-weight: 400;\\\">1x Aputure Gobo Projector<\/span><\/p><p><span style=\\\"font-weight: 400;\\\">1x Nanlite pavotube RGB<\/span><\/p><p><span style=\\\"font-weight: 400;\\\">1x Aputure B7C Bulb<\/span><\/p><p><span style=\\\"font-weight: 400;\\\">1x Godox Bi-Color LED 60w Flexible Fabric<\/span><\/p><p><span style=\\\"font-weight: 400;\\\">1x Floppy 2x1 m<\/span><\/p><p><span style=\\\"font-weight: 400;\\\">2x Porex<\/span><\/p><p><span style=\\\"font-weight: 400;\\\">2x Palio 2x1 m<\/span><\/p><p><span style=\\\"font-weight: 400;\\\">1x Smoke machine<\/span><\/p><p><span style=\\\"font-weight: 400;\\\">\u00a0<\/span><\/p><p><strong>Grip<\/strong><\/p><p><span style=\\\"font-weight: 400;\\\">Transport &amp; Camera Cart<\/span><\/p><p><span style=\\\"font-weight: 400;\\\">2x C-Stand<\/span><\/p><p><span style=\\\"font-weight: 400;\\\">3x Manfrotto 3m Stands<\/span><\/p><p><span style=\\\"font-weight: 400;\\\">2x Light Stands<\/span><\/p><p><span style=\\\"font-weight: 400;\\\">Cables, Shukos, Clamps, Superclamps &amp; Stand Weights<\/span><\/p>\",\r\n      \"align\": \"top\",\r\n      \"row\": 0,\r\n      \"col\": 0,\r\n      \"colspan\": 6,\r\n      \"offsetx\": 0,\r\n      \"offsety\": 0,\r\n      \"spaceabove\": 11.5,\r\n      \"spacebelow\": 0,\r\n      \"yvel\": 1,\r\n      \"push\": 0,\r\n      \"relid\": 5,\r\n      \"frameOverflow\": \"\"\r\n    },\r\n    {\r\n      \"type\": \"stack\",\r\n      \"cont\": [\r\n        {\r\n          \"type\": \"text\",\r\n          \"cont\": \"<p><strong>Audio<\/strong><\/p><p><span style=\\\"font-weight: 400;\\\">Sennheiser MKE-600 boom.<\/span><\/p><p><span style=\\\"font-weight: 400;\\\">Sennheiser MKE-400 boom.\u00a0\u00a0<\/span><\/p><p><span style=\\\"font-weight: 400;\\\">2x\u2028DJI wireless mic recorder set (2 transmitters) \u2028<\/span><\/p><p><span style=\\\"font-weight: 400;\\\">Sennheiser Headphones<\/span><\/p><p><span style=\\\"font-weight: 400;\\\">Boom Pole &amp; XLR Cables<\/span><\/p><p>\u00a0<\/p><p><span style=\\\"font-weight: 400;\\\"><strong>Transporte<\/strong><\/span><\/p><p><span style=\\\"font-weight: 400;\\\">Avenger C-stand large trolley\u2028<\/span><\/p><p><span style=\\\"font-weight: 400;\\\">Peli Air 1535<\/span><\/p><p><span style=\\\"font-weight: 400;\\\">Lowepro Backpacks, tripods &amp; shoulder bags<\/span><\/p><p><span style=\\\"font-weight: 400;\\\">Rock&amp;Roller Cart<\/span><\/p><p><span style=\\\"font-weight: 400;\\\">\u00a0<\/span><\/p><p><strong>Car Grip package<\/strong><\/p><p><span style=\\\"font-weight: 400;\\\">Con capacidad para transportar un peque\u00f1o equipo de Rig e Iluminaci\u00f3n para dar cobertura a m\u00faltiples tipos de rodajes. La mayor parte de la iluminaci\u00f3n disponible funciona con bater\u00eda.<\/span><\/p>\",\r\n          \"align\": \"top\",\r\n          \"row\": -1,\r\n          \"col\": 0,\r\n          \"colspan\": 5,\r\n          \"offsetx\": 0,\r\n          \"offsety\": 0,\r\n          \"spaceabove\": 0,\r\n          \"spacebelow\": 0,\r\n          \"yvel\": 1,\r\n          \"push\": 0,\r\n          \"relid\": 58\r\n        }\r\n      ],\r\n      \"align\": \"top\",\r\n      \"row\": 0,\r\n      \"col\": 7,\r\n      \"colspan\": 5,\r\n      \"offsetx\": 0,\r\n      \"offsety\": 0,\r\n      \"spaceabove\": 11.5,\r\n      \"spacebelow\": 0,\r\n      \"yvel\": 1,\r\n      \"push\": 1,\r\n      \"relid\": 57\r\n    }\r\n  ]\r\n}","phonegrid":"{\r\n  \"colCount\": 1,\r\n  \"colGutter\": \"1\",\r\n  \"rowGutters\": [\r\n    6.5\r\n  ],\r\n  \"frameMargin\": \"3\",\r\n  \"topFrameMargin\": 36,\r\n  \"bottomFrameMargin\": \"10\",\r\n  \"rowAttrs\": [\r\n    [],\r\n    []\r\n  ],\r\n  \"bgColor\": null,\r\n  \"cont\": [\r\n    {\r\n      \"type\": \"text\",\r\n      \"cont\": \"<p class=\\\"_Default\\\"><b>C\u00e1maras y Equipamiento<\/b><\/p><p class=\\\"_Default\\\">\u00a0<\/p><p><b>Camera Packages<\/b><\/p><p><span style=\\\"font-weight: 400;\\\">Sony FX3 Kit<\/span><\/p><p><span style=\\\"font-weight: 400;\\\">Blackmagic Pyxis 6k Kit<\/span><\/p><p><span style=\\\"font-weight: 400;\\\">Sony<\/span><\/p><p class=\\\"_Default\\\">\u00a0<\/p><p><strong>Lenses E-mount<\/strong><\/p><p><span style=\\\"font-weight: 400;\\\">Sony 16-35 GM II 2.8<\/span><\/p><p><span style=\\\"font-weight: 400;\\\">Sony 24-70 GM II 2.8<\/span><\/p><p><span style=\\\"font-weight: 400;\\\">Sony 70-200 GM II 2.8<\/span><\/p><p><span style=\\\"font-weight: 400;\\\">Sony 2x Teleconverter.<\/span><\/p><p class=\\\"_Default\\\">\u00a0<\/p><p><span style=\\\"font-weight: 400;\\\">Helios lens Set: 20, 28, 35 &amp; 58 mm.<\/span><\/p><p><span style=\\\"font-weight: 400;\\\">\u00a0<\/span><\/p><p><span style=\\\"font-weight: 400;\\\">Sigma MC-11 EF adapter<\/span><\/p><p><span style=\\\"font-weight: 400;\\\">Macro Tubes<\/span><\/p><p><span style=\\\"font-weight: 400;\\\">Filters Set: ND, Mist, Glimmer\u2026<\/span><\/p><p class=\\\"_Default\\\">\u00a0<\/p><p><b>Tripods, Rig &amp; Gimbal<\/b><\/p><p><span style=\\\"font-weight: 400;\\\">Tripod Manfrotto One CF<\/span><\/p><p><span style=\\\"font-weight: 400;\\\">Tripod Manfrotto MVH502 AH<\/span><\/p><p><span style=\\\"font-weight: 400;\\\">Gimbal Ronin RS3 PRO<\/span><\/p><p><span style=\\\"font-weight: 400;\\\">Smallrig Shoulder mount<\/span><\/p><p><span style=\\\"font-weight: 400;\\\">Camera Saddle<\/span><\/p><p><span style=\\\"font-weight: 400;\\\">Slider motorizado<\/span><\/p><p><span style=\\\"font-weight: 400;\\\">Manfrotto Magic arm<\/span><\/p><p><span style=\\\"font-weight: 400;\\\">\u00a0<\/span><\/p><p><strong>Monitoring<\/strong><\/p><p><span style=\\\"font-weight: 400;\\\">iPad air 11\u201d<\/span><\/p><p><span style=\\\"font-weight: 400;\\\">Feelworld 6\u201d LUT - 2600 nits<\/span><\/p><p><span style=\\\"font-weight: 400;\\\">\u00a0<\/span><\/p><p><strong>Lights<\/strong><\/p><p><span style=\\\"font-weight: 400;\\\">1x Zhiyun 600w bicolor<\/span><\/p><p><span style=\\\"font-weight: 400;\\\">1x Octabox 120cm<\/span><\/p><p><span style=\\\"font-weight: 400;\\\">1x Amaran 200W bicolor LED panel<\/span><\/p><p><span style=\\\"font-weight: 400;\\\">1x Aputure 60W\u00a0<\/span><\/p><p><span style=\\\"font-weight: 400;\\\">1x Aputure Gobo Projector<\/span><\/p><p><span style=\\\"font-weight: 400;\\\">1x Nanlite pavotube RGB<\/span><\/p><p><span style=\\\"font-weight: 400;\\\">1x Aputure B7C Bulb<\/span><\/p><p><span style=\\\"font-weight: 400;\\\">1x Godox Bi-Color LED 60w Flexible Fabric<\/span><\/p><p><span style=\\\"font-weight: 400;\\\">1x Floppy 2x1 m<\/span><\/p><p><span style=\\\"font-weight: 400;\\\">2x Porex<\/span><\/p><p><span style=\\\"font-weight: 400;\\\">2x Palio 2x1 m<\/span><\/p><p><span style=\\\"font-weight: 400;\\\">1x Smoke machine<\/span><\/p><p><span style=\\\"font-weight: 400;\\\">\u00a0<\/span><\/p><p><strong>Grip<\/strong><\/p><p><span style=\\\"font-weight: 400;\\\">Transport &amp; Camera Cart<\/span><\/p><p><span style=\\\"font-weight: 400;\\\">2x C-Stand<\/span><\/p><p><span style=\\\"font-weight: 400;\\\">3x Manfrotto 3m Stands<\/span><\/p><p><span style=\\\"font-weight: 400;\\\">2x Light Stands<\/span><\/p><p><span style=\\\"font-weight: 400;\\\">Cables, Shukos, Clamps, Superclamps &amp; Stand Weights<\/span><\/p>\",\r\n      \"align\": \"middle\",\r\n      \"row\": 0,\r\n      \"col\": 0,\r\n      \"colspan\": 1,\r\n      \"offsetx\": 0,\r\n      \"offsety\": 0,\r\n      \"spaceabove\": 0,\r\n      \"spacebelow\": 0,\r\n      \"yvel\": 1,\r\n      \"push\": 0,\r\n      \"relid\": 5,\r\n      \"frameOverflow\": \"\"\r\n    },\r\n    {\r\n      \"type\": \"text\",\r\n      \"cont\": \"<p><strong>Audio<\/strong><\/p><p><span style=\\\"font-weight: 400;\\\">Sennheiser MKE-600 boom.<\/span><\/p><p><span style=\\\"font-weight: 400;\\\">Sennheiser MKE-400 boom.\u00a0\u00a0<\/span><\/p><p><span style=\\\"font-weight: 400;\\\">2x\u2028DJI wireless mic recorder set (2 transmitters) \u2028<\/span><\/p><p><span style=\\\"font-weight: 400;\\\">Sennheiser Headphones<\/span><\/p><p><span style=\\\"font-weight: 400;\\\">Boom Pole &amp; XLR Cables<\/span><\/p><p>\u00a0<\/p><p><span style=\\\"font-weight: 400;\\\"><strong>Transporte<\/strong><\/span><\/p><p><span style=\\\"font-weight: 400;\\\">Avenger C-stand large trolley\u2028<\/span><\/p><p><span style=\\\"font-weight: 400;\\\">Peli Air 1535<\/span><\/p><p><span style=\\\"font-weight: 400;\\\">Lowepro Backpacks, tripods &amp; shoulder bags<\/span><\/p><p><span style=\\\"font-weight: 400;\\\">Rock&amp;Roller Cart<\/span><\/p><p><span style=\\\"font-weight: 400;\\\">\u00a0<\/span><\/p><p><strong>Car Grip package<\/strong><\/p><p><span style=\\\"font-weight: 400;\\\">Con capacidad para transportar un peque\u00f1o equipo de Rig e Iluminaci\u00f3n para dar cobertura a m\u00faltiples tipos de rodajes. La mayor parte de la iluminaci\u00f3n disponible funciona con bater\u00eda.<\/span><\/p>\",\r\n      \"align\": \"top\",\r\n      \"row\": 1,\r\n      \"col\": 0,\r\n      \"colspan\": 1,\r\n      \"offsetx\": 0,\r\n      \"offsety\": 0,\r\n      \"spaceabove\": 0,\r\n      \"spacebelow\": 0,\r\n      \"yvel\": 1,\r\n      \"push\": 0,\r\n      \"relid\": 58\r\n    }\r\n  ]\r\n}","_links":{"self":[{"href":"https:\/\/uno.lc\/es\/wp-json\/wp\/v2\/pages\/1031"}],"collection":[{"href":"https:\/\/uno.lc\/es\/wp-json\/wp\/v2\/pages"}],"about":[{"href":"https:\/\/uno.lc\/es\/wp-json\/wp\/v2\/types\/page"}],"author":[{"embeddable":true,"href":"https:\/\/uno.lc\/es\/wp-json\/wp\/v2\/users\/1"}],"replies":[{"embeddable":true,"href":"https:\/\/uno.lc\/es\/wp-json\/wp\/v2\/comments?post=1031"}],"version-history":[{"count":0,"href":"https:\/\/uno.lc\/es\/wp-json\/wp\/v2\/pages\/1031\/revisions"}],"wp:attachment":[{"href":"https:\/\/uno.lc\/es\/wp-json\/wp\/v2\/media?parent=1031"}],"curies":[{"name":"wp","href":"https:\/\/api.w.org\/{rel}","templated":true}]}}