{"id":374,"date":"2020-04-15T15:00:25","date_gmt":"2018-09-18T15:49:59","guid":{"rendered":"https:\/\/uno.lc\/about-3\/"},"modified":"2026-04-13T15:51:34","modified_gmt":"2026-04-13T15:51:34","slug":"info","status":"publish","type":"page","link":"https:\/\/uno.lc\/es\/info\/","title":{"rendered":"Info"},"content":{"rendered":"","protected":false},"excerpt":{"rendered":"","protected":false},"author":1,"featured_media":0,"parent":0,"menu_order":0,"comment_status":"closed","ping_status":"closed","template":"","meta":[],"yoast_head":"<!-- This site is optimized with the Yoast SEO plugin v14.0.4 - https:\/\/yoast.com\/wordpress\/plugins\/seo\/ -->\n<meta name=\"robots\" content=\"index, follow\" \/>\n<meta name=\"googlebot\" content=\"index, follow, max-snippet:-1, max-image-preview:large, max-video-preview:-1\" \/>\n<meta name=\"bingbot\" content=\"index, follow, max-snippet:-1, max-image-preview:large, max-video-preview:-1\" \/>\n<link rel=\"canonical\" href=\"https:\/\/uno.lc\/info\/\" \/>\n<meta property=\"og:locale\" content=\"es_ES\" \/>\n<meta property=\"og:type\" content=\"article\" \/>\n<meta property=\"og:title\" content=\"Info - \u00d3scar Roca \u2014 Filmmaker, DOP, Camera Owner\/Operator.\" \/>\n<meta property=\"og:url\" content=\"https:\/\/uno.lc\/info\/\" \/>\n<meta property=\"og:site_name\" content=\"\u00d3scar Roca \u2014 Filmmaker, DOP, Camera Owner\/Operator.\" \/>\n<meta property=\"article:modified_time\" content=\"2026-04-13T15:51:34+00:00\" \/>\n<meta name=\"twitter:card\" content=\"summary_large_image\" \/>\n<script type=\"application\/ld+json\" class=\"yoast-schema-graph\">{\"@context\":\"https:\/\/schema.org\",\"@graph\":[{\"@type\":\"WebSite\",\"@id\":\"https:\/\/uno.lc\/es\/#website\",\"url\":\"https:\/\/uno.lc\/es\/\",\"name\":\"\\u00d3scar Roca \\u2014 Filmmaker, DOP, Camera Owner\/Operator.\",\"description\":\"\",\"potentialAction\":[{\"@type\":\"SearchAction\",\"target\":\"https:\/\/uno.lc\/es\/?s={search_term_string}\",\"query-input\":\"required name=search_term_string\"}],\"inLanguage\":\"es\"},{\"@type\":\"WebPage\",\"@id\":\"https:\/\/uno.lc\/info\/#webpage\",\"url\":\"https:\/\/uno.lc\/info\/\",\"name\":\"Info - \\u00d3scar Roca \\u2014 Filmmaker, DOP, Camera Owner\/Operator.\",\"isPartOf\":{\"@id\":\"https:\/\/uno.lc\/es\/#website\"},\"datePublished\":\"2018-09-18T15:49:59+00:00\",\"dateModified\":\"2026-04-13T15:51:34+00:00\",\"inLanguage\":\"es\",\"potentialAction\":[{\"@type\":\"ReadAction\",\"target\":[\"https:\/\/uno.lc\/info\/\"]}]}]}<\/script>\n<!-- \/ Yoast SEO plugin. -->","grid":"{\r\n  \"colCount\": 16,\r\n  \"colGutter\": 0.1,\r\n  \"rowGutters\": [],\r\n  \"frameMargin\": 2,\r\n  \"topFrameMargin\": 0,\r\n  \"bottomFrameMargin\": 6,\r\n  \"rowAttrs\": [\r\n    {}\r\n  ],\r\n  \"bgColor\": null,\r\n  \"cont\": [\r\n    {\r\n      \"type\": \"stack\",\r\n      \"cont\": [\r\n        {\r\n          \"type\": \"text\",\r\n          \"cont\": \"<h2 class=\\\"_Default\\\"><strong><span style=\\\"font-family: helvetica, sans-serif;\\\">Info<\/span><\/strong><\/h2><p class=\\\"_Default\\\">\u00a0<\/p><p>Realizo proyectos por todo el mundo y trabajo apoyando productoras que viajan al norte de Espa\u00f1a. Estoy capacitado para grabar en cualquier entorno, desde paisajes cinematogr\u00e1ficos hasta espacios urbanos. Cuento con mi propio equipo de producci\u00f3n y utilizo la mejor tecnolog\u00eda para asegurar que cada proyecto tenga la m\u00e1xima calidad.<br \/><br \/>Mi funci\u00f3n principal es de Director de Fotograf\u00eda (iluminaci\u00f3n, operador de c\u00e1mara, filmmaker) y mis habilidades me permiten realizar proyectos de forma independiente o como parte de un equipo creativo.<br \/><br \/>En los \u00faltimos a\u00f1os, he participado en producciones para numerosas marcas como Inditex, Zara, Abanca... As\u00ed como en productoras como Portavisuals, Tornasol Media, Polarstar Films, entre otras. Adem\u00e1s, gracias a mi fluidez en ingl\u00e9s y espa\u00f1ol, he podido trabajar para clientes y audiencias multiculturales.<br \/><br \/>Alimentado por la luz, mi trabajo est\u00e1 motivado por una narrativa visual innovadora e impactante, llena de creatividad, emoci\u00f3n y profundidad, buscando causar un impacto positivo en un amplio abanico de audiencias.<\/p>\",\r\n          \"align\": \"top\",\r\n          \"row\": -1,\r\n          \"col\": 0,\r\n          \"colspan\": 6,\r\n          \"offsetx\": 0,\r\n          \"offsety\": 0,\r\n          \"spaceabove\": 0,\r\n          \"spacebelow\": 5,\r\n          \"yvel\": 1,\r\n          \"push\": 0,\r\n          \"relid\": 34\r\n        },\r\n        {\r\n          \"type\": \"text\",\r\n          \"cont\": \"<h2 class=\\\"_Default\\\" style=\\\"text-align: left;\\\"><strong><span style=\\\"font-family: helvetica, sans-serif;\\\">Clientes<\/span><\/strong><\/h2><p>\u00a0<\/p><p><strong>Productoras<\/strong><\/p><p>Porta Visuals<br \/>PolarStar Films<br \/>The Bright Side<br \/>TVG<br \/>Le-Express<br \/>Tornasol Media<\/p><p>\u00a0<\/p><p><strong><span style=\\\"font-family: helvetica, sans-serif;\\\">Agencias y Estudios<\/span><\/strong><\/p><p><span style=\\\"font-weight: 400;\\\">Costa<\/span><\/p><p><span style=\\\"font-weight: 400;\\\">Novagarda<\/span><\/p><p><span style=\\\"font-weight: 400;\\\">Nasas<\/span><span style=\\\"font-weight: 400;\\\"><br \/><\/span><span style=\\\"font-weight: 400;\\\">Piedrapapeltijera<\/span><\/p><p class=\\\"_Default\\\" style=\\\"text-align: left;\\\">\u00a0<\/p><p><strong><span style=\\\"font-family: helvetica, sans-serif;\\\">Clientes Privados<\/span><\/strong><\/p><p><span style=\\\"font-weight: 400;\\\">Zara<\/span><\/p><p><span style=\\\"font-weight: 400;\\\">Etiem<\/span><\/p><p><span style=\\\"font-weight: 400;\\\">Pull&amp;Bear<\/span><span style=\\\"font-weight: 400;\\\"><br \/><\/span><span style=\\\"font-weight: 400;\\\">Cabreiro\u00e1<\/span><span style=\\\"font-weight: 400;\\\"><br \/><\/span><span style=\\\"font-weight: 400;\\\">Bandalux<\/span><span style=\\\"font-weight: 400;\\\"><br \/><\/span><span style=\\\"font-weight: 400;\\\">Deportivo de La Coru\u00f1a<\/span><span style=\\\"font-weight: 400;\\\"><br \/><\/span><span style=\\\"font-weight: 400;\\\">Match Lighting Studio<\/span><\/p><p>\u00a0<\/p><p><strong>Clientes P\u00fablicos<\/strong><\/p><p>UDC \u2014 Universidade da Coru\u00f1a<br \/>AYTO de la Coru\u00f1a<\/p>\",\r\n          \"align\": \"bottom\",\r\n          \"row\": -1,\r\n          \"col\": 0,\r\n          \"colspan\": 6,\r\n          \"offsetx\": 0,\r\n          \"offsety\": 0,\r\n          \"spaceabove\": 0,\r\n          \"spacebelow\": 0,\r\n          \"yvel\": 1,\r\n          \"push\": 0,\r\n          \"relid\": 62\r\n        }\r\n      ],\r\n      \"align\": \"top\",\r\n      \"row\": 0,\r\n      \"col\": 0,\r\n      \"colspan\": 6,\r\n      \"offsetx\": 0,\r\n      \"offsety\": 0,\r\n      \"spaceabove\": 11.5,\r\n      \"spacebelow\": 0,\r\n      \"yvel\": 1,\r\n      \"push\": 0,\r\n      \"relid\": 57,\r\n      \"frameOverflow\": \"\"\r\n    },\r\n    {\r\n      \"type\": \"stack\",\r\n      \"cont\": [\r\n        {\r\n          \"type\": \"text\",\r\n          \"cont\": \"<h2 class=\\\"_Default\\\"><strong><span style=\\\"font-family: helvetica, sans-serif;\\\">Capacidades y Servicios<\/span><\/strong><\/h2><p class=\\\"_Default\\\" style=\\\"text-align: left;\\\">\u00a0<\/p><p><span style=\\\"font-weight: 400;\\\">Director de Fotograf\u00eda.<\/span><\/p><p><span style=\\\"font-weight: 400;\\\">Operador de c\u00e1mara.<\/span><\/p><p><span style=\\\"font-weight: 400;\\\">Propietario de equipos de iluminaci\u00f3n, grip y sonido.<\/span><span style=\\\"font-weight: 400;\\\"><br \/><\/span><span style=\\\"font-weight: 400;\\\">Propietario de varios kits de c\u00e1mara<\/span><span style=\\\"font-weight: 400;\\\"><br \/><\/span><span style=\\\"font-weight: 400;\\\">Amplia experiencia en viajes.<\/span><span style=\\\"font-weight: 400;\\\"><br \/><\/span><span style=\\\"font-weight: 400;\\\">Paquetes de jornadas con precio competitivo.<\/span><span style=\\\"font-weight: 400;\\\"><br \/><\/span><span style=\\\"font-weight: 400;\\\">Amplia experiencia con Ejecutivos, clientes VIP y Celebridades.<\/span><\/p><p><span style=\\\"font-weight: 400;\\\">Apoyo a productoras en todo el norte de Espa\u00f1a.\u00a0<\/span><\/p><p><span style=\\\"font-weight: 400;\\\">Grabaci\u00f3n multic\u00e1mara y Streaming.<\/span><span style=\\\"font-weight: 400;\\\"><br \/><\/span><span style=\\\"font-weight: 400;\\\">Car grip package.<\/span><\/p><p>\u00a0<\/p><p><strong>\u00c1reas de trabajo<\/strong><\/p><p>Documentary<br \/>Branded Content<br \/>Music Films<br \/>Sports<br \/>Industrial<br \/>Corporate<br \/>Interviews<br \/>Content Creation<br \/>Events<br \/>Social Networks<br \/>Advertising<\/p>\",\r\n          \"align\": \"top\",\r\n          \"row\": -1,\r\n          \"col\": 0,\r\n          \"colspan\": 8,\r\n          \"offsetx\": 0,\r\n          \"offsety\": 0,\r\n          \"spaceabove\": 0,\r\n          \"spacebelow\": 5,\r\n          \"yvel\": 1,\r\n          \"push\": 0,\r\n          \"relid\": 60\r\n        }\r\n      ],\r\n      \"align\": \"top\",\r\n      \"row\": 0,\r\n      \"col\": 7,\r\n      \"colspan\": 8,\r\n      \"offsetx\": 0,\r\n      \"offsety\": 0,\r\n      \"spaceabove\": 11.5,\r\n      \"spacebelow\": 0,\r\n      \"yvel\": 1,\r\n      \"push\": 1,\r\n      \"relid\": 59\r\n    }\r\n  ]\r\n}","phonegrid":"{\r\n  \"colCount\": 1,\r\n  \"colGutter\": \"1\",\r\n  \"rowGutters\": [\r\n    6.5,\r\n    6.5\r\n  ],\r\n  \"frameMargin\": \"3\",\r\n  \"topFrameMargin\": 36,\r\n  \"bottomFrameMargin\": \"10\",\r\n  \"rowAttrs\": [\r\n    [],\r\n    [],\r\n    {}\r\n  ],\r\n  \"bgColor\": null,\r\n  \"cont\": [\r\n    {\r\n      \"type\": \"text\",\r\n      \"cont\": \"<h2 class=\\\"_Default\\\"><strong><span style=\\\"font-family: helvetica, sans-serif;\\\">Info<\/span><\/strong><\/h2><p class=\\\"_Default\\\">\u00a0<\/p><p>Realizo proyectos por todo el mundo y trabajo apoyando productoras que viajan al norte de Espa\u00f1a. Estoy capacitado para grabar en cualquier entorno, desde paisajes cinematogr\u00e1ficos hasta espacios urbanos. Cuento con mi propio equipo de producci\u00f3n y utilizo la mejor tecnolog\u00eda para asegurar que cada proyecto tenga la m\u00e1xima calidad.<br \/><br \/>Mi funci\u00f3n principal es de Director de Fotograf\u00eda (iluminaci\u00f3n, operador de c\u00e1mara, filmmaker) y mis habilidades me permiten realizar proyectos de forma independiente o como parte de un equipo creativo.<br \/><br \/>En los \u00faltimos a\u00f1os, he participado en producciones para numerosas marcas como Inditex, Zara, Abanca... As\u00ed como en productoras como Portavisuals, Tornasol Media, Polarstar Films, entre otras. Adem\u00e1s, gracias a mi fluidez en ingl\u00e9s y espa\u00f1ol, he podido trabajar para clientes y audiencias multiculturales.<br \/><br \/>Alimentado por la luz, mi trabajo est\u00e1 motivado por una narrativa visual innovadora e impactante, llena de creatividad, emoci\u00f3n y profundidad, buscando causar un impacto positivo en un amplio abanico de audiencias.<\/p>\",\r\n      \"align\": \"bottom\",\r\n      \"row\": 0,\r\n      \"col\": 0,\r\n      \"colspan\": 1,\r\n      \"offsetx\": 0,\r\n      \"offsety\": 0,\r\n      \"spaceabove\": 0,\r\n      \"spacebelow\": 0,\r\n      \"yvel\": 1,\r\n      \"push\": 0,\r\n      \"relid\": 34,\r\n      \"frameOverflow\": \"\"\r\n    },\r\n    {\r\n      \"type\": \"text\",\r\n      \"cont\": \"<h2 class=\\\"_Default\\\"><strong><span style=\\\"font-family: helvetica, sans-serif;\\\">Capacidades y Servicios<\/span><\/strong><\/h2><p class=\\\"_Default\\\" style=\\\"text-align: left;\\\">\u00a0<\/p><p><span style=\\\"font-weight: 400;\\\">Director de Fotograf\u00eda.<\/span><\/p><p><span style=\\\"font-weight: 400;\\\">Operador de c\u00e1mara.<\/span><\/p><p><span style=\\\"font-weight: 400;\\\">Propietario de equipos de iluminaci\u00f3n, grip y sonido.<\/span><span style=\\\"font-weight: 400;\\\"><br \/><\/span><span style=\\\"font-weight: 400;\\\">Propietario de varios kits de c\u00e1mara<\/span><span style=\\\"font-weight: 400;\\\"><br \/><\/span><span style=\\\"font-weight: 400;\\\">Amplia experiencia en viajes.<\/span><span style=\\\"font-weight: 400;\\\"><br \/><\/span><span style=\\\"font-weight: 400;\\\">Paquetes de jornadas con precio competitivo.<\/span><span style=\\\"font-weight: 400;\\\"><br \/><\/span><span style=\\\"font-weight: 400;\\\">Amplia experiencia con Ejecutivos, clientes VIP y Celebridades.<\/span><\/p><p><span style=\\\"font-weight: 400;\\\">Apoyo a productoras en todo el norte de Espa\u00f1a.\u00a0<\/span><\/p><p><span style=\\\"font-weight: 400;\\\">Grabaci\u00f3n multic\u00e1mara y Streaming.<\/span><span style=\\\"font-weight: 400;\\\"><br \/><\/span><span style=\\\"font-weight: 400;\\\">Car grip package.<\/span><\/p><p>\u00a0<\/p><p><strong>\u00c1reas de trabajo<\/strong><\/p><p>Documentary<br \/>Branded Content<br \/>Music Films<br \/>Sports<br \/>Industrial<br \/>Corporate<br \/>Interviews<br \/>Content Creation<br \/>Events<br \/>Social Networks<br \/>Advertising<\/p>\",\r\n      \"align\": \"top\",\r\n      \"row\": 1,\r\n      \"col\": 0,\r\n      \"colspan\": 1,\r\n      \"offsetx\": 0,\r\n      \"offsety\": 0,\r\n      \"spaceabove\": 0,\r\n      \"spacebelow\": 0,\r\n      \"yvel\": 1,\r\n      \"push\": 0,\r\n      \"relid\": 60,\r\n      \"frameOverflow\": \"\"\r\n    },\r\n    {\r\n      \"type\": \"text\",\r\n      \"cont\": \"<h2 class=\\\"_Default\\\" style=\\\"text-align: left;\\\"><strong><span style=\\\"font-family: helvetica, sans-serif;\\\">Clientes<\/span><\/strong><\/h2><p>\u00a0<\/p><p><strong>Productoras<\/strong><\/p><p>Porta Visuals<br \/>PolarStar Films<br \/>The Bright Side<br \/>TVG<br \/>Le-Express<br \/>Tornasol Media<\/p><p>\u00a0<\/p><p><strong><span style=\\\"font-family: helvetica, sans-serif;\\\">Agencias y Estudios<\/span><\/strong><\/p><p><span style=\\\"font-weight: 400;\\\">Costa<\/span><\/p><p><span style=\\\"font-weight: 400;\\\">Novagarda<\/span><\/p><p><span style=\\\"font-weight: 400;\\\">Nasas<\/span><span style=\\\"font-weight: 400;\\\"><br \/><\/span><span style=\\\"font-weight: 400;\\\">Piedrapapeltijera<\/span><\/p><p class=\\\"_Default\\\" style=\\\"text-align: left;\\\">\u00a0<\/p><p><strong><span style=\\\"font-family: helvetica, sans-serif;\\\">Clientes Privados<\/span><\/strong><\/p><p><span style=\\\"font-weight: 400;\\\">Zara<\/span><\/p><p><span style=\\\"font-weight: 400;\\\">Etiem<\/span><\/p><p><span style=\\\"font-weight: 400;\\\">Pull&amp;Bear<\/span><span style=\\\"font-weight: 400;\\\"><br \/><\/span><span style=\\\"font-weight: 400;\\\">Cabreiro\u00e1<\/span><span style=\\\"font-weight: 400;\\\"><br \/><\/span><span style=\\\"font-weight: 400;\\\">Bandalux<\/span><span style=\\\"font-weight: 400;\\\"><br \/><\/span><span style=\\\"font-weight: 400;\\\">Deportivo de La Coru\u00f1a<\/span><span style=\\\"font-weight: 400;\\\"><br \/><\/span><span style=\\\"font-weight: 400;\\\">Match Lighting Studio<\/span><\/p><p>\u00a0<\/p><p><strong>Clientes P\u00fablicos<\/strong><\/p><p>UDC \u2014 Universidade da Coru\u00f1a<br \/>AYTO de la Coru\u00f1a<\/p>\",\r\n      \"align\": \"top\",\r\n      \"row\": 2,\r\n      \"col\": 0,\r\n      \"colspan\": 1,\r\n      \"offsetx\": 0,\r\n      \"offsety\": 0,\r\n      \"spaceabove\": 0,\r\n      \"spacebelow\": 0,\r\n      \"yvel\": 1,\r\n      \"push\": 0,\r\n      \"relid\": 62\r\n    }\r\n  ]\r\n}","_links":{"self":[{"href":"https:\/\/uno.lc\/es\/wp-json\/wp\/v2\/pages\/374"}],"collection":[{"href":"https:\/\/uno.lc\/es\/wp-json\/wp\/v2\/pages"}],"about":[{"href":"https:\/\/uno.lc\/es\/wp-json\/wp\/v2\/types\/page"}],"author":[{"embeddable":true,"href":"https:\/\/uno.lc\/es\/wp-json\/wp\/v2\/users\/1"}],"replies":[{"embeddable":true,"href":"https:\/\/uno.lc\/es\/wp-json\/wp\/v2\/comments?post=374"}],"version-history":[{"count":0,"href":"https:\/\/uno.lc\/es\/wp-json\/wp\/v2\/pages\/374\/revisions"}],"wp:attachment":[{"href":"https:\/\/uno.lc\/es\/wp-json\/wp\/v2\/media?parent=374"}],"curies":[{"name":"wp","href":"https:\/\/api.w.org\/{rel}","templated":true}]}}